{"id":181,"date":"2015-12-30T19:37:29","date_gmt":"2015-12-30T18:37:29","guid":{"rendered":"http:\/\/www.vip-fahrschule.com\/wp\/wordpress\/?page_id=181"},"modified":"2020-12-16T14:37:31","modified_gmt":"2020-12-16T13:37:31","slug":"praktische-pruefung","status":"publish","type":"page","link":"https:\/\/vip-fahrschule.com\/wp\/wordpress\/praktische-pruefung\/","title":{"rendered":"Praktische Pr\u00fcfung"},"content":{"rendered":"<p>Au\u00dfer in der StVO stehen auch in der Pr\u00fcfungsrichtlinie eine Menge Verhaltensregeln, welche die Fahrpr\u00fcfung betreffen. Im zweiten Teil des Artikels besch\u00e4ftigen wir uns mit den besonderen Regeln und Gepflogenheiten, die jeder Fahrsch\u00fcler f\u00fcr die Fahrpr\u00fcfung kennen sollte.<\/p>\n<p><strong>Die Spielregeln f\u00fcr eine erfolgreiche Fahrpr\u00fcfung<\/strong><br \/>\nNach irgendeinem Schema muss die Pr\u00fcfung ja ablaufen.<br \/>\nDieses Schema hei\u00dft \u00bbPr\u00fcfungsrichtlinie\u00ab.<br \/>\nWir stellen hier die wichtigsten Spielregeln vor, die f\u00fcr die Pkw-Fahrpr\u00fcfung gelten, und geben Beispiele f\u00fcr die praktische Umsetzung.<\/p>\n<p><strong>Ort und Zeit der Pr\u00fcfung<\/strong><br \/>\n&#8230; werden vom Pr\u00fcfer bestimmt.<br \/>\nDie Fahrschule bestellt im Voraus bei der Pr\u00fcforganisation (T\u00dcV)\u00a0 eine gewisse Menge an so genannten Pr\u00fcf-Punkten. Ein Punkt steht f\u00fcr eine Viertelstunde. Die Fahrlehrer verteilen dann die pr\u00fcfungsreifen Kandidaten auf die erhaltenen Punkte. Die Punkte-Bestellung muss, je nach Region, teilweise bis zu drei Wochen im Voraus eingereicht werden.<br \/>\nHierin liegen zwei Probleme:<\/p>\n<ul>\n<li>Der Fahrlehrer muss beinahe ein Hellseher sein, wenn er so fr\u00fch im Voraus bestimmen muss, wer demn\u00e4chst pr\u00fcfungsreif ist. Es gibt Planungprobleme, wenn ein Fahrsch\u00fcler pl\u00f6tzlich \u00bbeinbricht\u00ab oder andere Fahrsch\u00fcler sich schneller entwickeln als es vorhersehbar war.<\/li>\n<li>Der Pr\u00fcfungstermin kann nicht immer so genau bestimmt werden, wie man sich das als Fahrsch\u00fcler w\u00fcnscht. Manchmal wird nicht der beantragte Pr\u00fcftag, sondern ein Tag fr\u00fcher oder sp\u00e4ter zugeteilt.<\/li>\n<\/ul>\n<p>Mit anderen Worten: Man kann nicht von heute auf morgen einen Pr\u00fcftermin bekommen, au\u00dfer die Fahrschule hat zuf\u00e4llig einen freien Termin \u00fcbrig.<\/p>\n<p>Wo startet die Pr\u00fcfung? Das wird zwischen Fahrschule und Pr\u00fcforganisation abgestimmt. Es gibt bestimmte \u00bb\u00fcbliche\u00ab Treffpunkte. Die Pr\u00fcfung beginnt vielleicht sogar an der Fahrschule.<\/p>\n<p>&nbsp;<\/p>\n<p><strong>Dauer der Pr\u00fcfung<\/strong><\/p>\n<p>Die Pr\u00fcfungszeit betr\u00e4gt bei&#8230;<\/p>\n<div id=\"attachment_880\" style=\"width: 635px\" class=\"wp-caption alignnone\"><img loading=\"lazy\" decoding=\"async\" aria-describedby=\"caption-attachment-880\" class=\"size-large wp-image-880\" src=\"https:\/\/vip-fahrschule.com\/wp\/wordpress\/wp-content\/uploads\/2015\/12\/Bildschirmfoto-2020-12-12-um-22.57.33-901x1024.png\" alt=\"Pr\u00fcfungsdauer ab Januar 2021\" width=\"625\" height=\"710\" srcset=\"https:\/\/vip-fahrschule.com\/wp\/wordpress\/wp-content\/uploads\/2015\/12\/Bildschirmfoto-2020-12-12-um-22.57.33-901x1024.png 901w, https:\/\/vip-fahrschule.com\/wp\/wordpress\/wp-content\/uploads\/2015\/12\/Bildschirmfoto-2020-12-12-um-22.57.33-264x300.png 264w, https:\/\/vip-fahrschule.com\/wp\/wordpress\/wp-content\/uploads\/2015\/12\/Bildschirmfoto-2020-12-12-um-22.57.33-768x873.png 768w, https:\/\/vip-fahrschule.com\/wp\/wordpress\/wp-content\/uploads\/2015\/12\/Bildschirmfoto-2020-12-12-um-22.57.33-624x710.png 624w, https:\/\/vip-fahrschule.com\/wp\/wordpress\/wp-content\/uploads\/2015\/12\/Bildschirmfoto-2020-12-12-um-22.57.33.png 1444w\" sizes=\"auto, (max-width: 625px) 100vw, 625px\" \/><p id=\"caption-attachment-880\" class=\"wp-caption-text\">Pr\u00fcfungsdauer ab Januar 2021<\/p><\/div>\n<p>&nbsp;<\/p>\n<p><strong>Die Mitfahrer<\/strong><br \/>\nDer Fahrlehrer bleibt bei der Pkw-Fahrpr\u00fcfung auf seinem Stammplatz rechts vorne,<br \/>\nder Pr\u00fcfer sitzt rechts hinten, um den Pr\u00fcfling und die Instrumente sehen zu k\u00f6nnen.<\/p>\n<p><strong>Die Fahrstrecke<\/strong><br \/>\n&#8230; bestimmt der Pr\u00fcfer nach seinen Vorstellungen.<br \/>\nManche Pr\u00fcfbezirke sind zwar so klein, dass sich beinahe Standard-Routen ergeben, aber besonders in weitl\u00e4ufigen Gebieten stimmt es nicht, dass es <i>eine<\/i> oder <i>die<\/i> Pr\u00fcfungsstrecke gibt. Deshalb ist es auch unm\u00f6glich, mit dem Fahrlehrer \u00bbnur die Pr\u00fcfungsecken\u00ab zu \u00fcben, denn davon kann es schlie\u00dflich endlos viele geben!<\/p>\n<p><strong>Die Fahrtrichtung<\/strong><br \/>\nLinks? Rechts? Geradeaus? Wichtig zu wissen, wo es denn langgehen soll!<br \/>\nPr\u00e4gen Sie sich die folgenden Spielregeln bitte gut ein, und kl\u00e4ren Sie mit Ihrem Fahrlehrer, ob es in Ihrem Pr\u00fcfort eventuell abweichende Vereinbarungen gibt.<\/p>\n<p>Wenn der Pr\u00fcfer nichts zur Fahrtrichtung sagt, <b>geradeaus<\/b> fahren.<br \/>\nAber nur, solange es <b>erlaubt<\/b> ist.<br \/>\nBlo\u00df <b>nicht in gesperrte Stra\u00dfen<\/b> fahren!<br \/>\nSelbst wenn man (zuf\u00e4llig) Anlieger ist.<br \/>\n<img loading=\"lazy\" decoding=\"async\" class=\"alignnone wp-image-360 size-full\" src=\"https:\/\/vip-fahrschule.com\/wp\/wordpress\/wp-content\/uploads\/2015\/12\/Anlieger_frei.png\" alt=\"Anlieger_frei\" width=\"150\" height=\"250\" \/><\/p>\n<p>Wo eine bestimmte Fahrtrichtung durch Verkehrszeichen <b>vorgeschrieben<\/b> wird, muss man das selbstverst\u00e4ndlich erkennen und befolgen. Der Pr\u00fcfer braucht dazu keine Hinweise zu geben.<br \/>\n<img loading=\"lazy\" decoding=\"async\" class=\"alignnone wp-image-361 size-full\" src=\"https:\/\/vip-fahrschule.com\/wp\/wordpress\/wp-content\/uploads\/2015\/12\/Rechtspfeil.png\" alt=\"Rechtspfeil\" width=\"150\" height=\"150\" \/><\/p>\n<p>Ist die Weiterfahrt geradeaus verboten, aber man darf dort sowohl links <b>oder<\/b> rechts weiterfahren, fragt man nach, in welche Richtung nun abgebogen werden soll.<br \/>\n<img loading=\"lazy\" decoding=\"async\" class=\"alignnone wp-image-362 size-full\" src=\"https:\/\/vip-fahrschule.com\/wp\/wordpress\/wp-content\/uploads\/2015\/12\/Verbot_der_Einfahrt.png\" alt=\"Verbot_der_Einfahrt\" width=\"150\" height=\"150\" \/><\/p>\n<p>Wenn der Pr\u00fcfer eine bestimmte Fahrtrichtung ansagt (\u00bbn\u00e4chste Stra\u00dfe links\u00ab, \u00bbn\u00e4chste rechts\u00ab), <b>darf man sich darauf verlassen<\/b>, dass es auch erlaubt ist. Man wird definitiv nicht in gesperrte Stra\u00dfen geschickt!<br \/>\nEs kann auch \u00bbzweite Stra\u00dfe&#8230;\u00ab oder \u00bbdritte Stra\u00dfe&#8230;\u00ab hei\u00dfen.<br \/>\nOhren auf: Kommt die Ansage \u00bb<b>n\u00e4chste M\u00f6glichkeit<\/b> links\u00ab, muss man selbst herausfinden, wo es die Verkehrszeichen erlauben! Genau auf Verkehrszeichen und Fahrbahnmarkierungen achten!<br \/>\n<img loading=\"lazy\" decoding=\"async\" class=\"alignnone wp-image-363 size-full\" src=\"https:\/\/vip-fahrschule.com\/wp\/wordpress\/wp-content\/uploads\/2015\/12\/Gerade_Rechts.png\" alt=\"Gerade_Rechts\" width=\"150\" height=\"150\" \/><\/p>\n<p><strong>Zusammenfassung:<\/strong><br \/>\nMan biegt nur ab, wenn der Pr\u00fcfer es w\u00fcnscht, oder wenn die Verkehrszeichen es vorschreiben. Es ist extrem wichtig, <b>vorausschauend<\/b> zu fahren, damit man die Schilder und den Stra\u00dfenverlauf rechtzeitg mitbekommt.<\/p>\n<p>Bei allen Problemen, die dabei auftauchen k\u00f6nnen, kann man den Pr\u00fcfer fragen (z.B. bevor man an einer \u00bbschiefen\u00ab Stra\u00dfenkreuzung lange herumr\u00e4tselt, welches die Hauptrichtung ist).<\/p>\n<p><strong>Sonderf\u00e4lle<\/strong><br \/>\nEs gibt \u00fcblicherweise noch weitere Spielregeln f\u00fcr bestimmte Situationen, die aber von Pr\u00fcfort zu Pr\u00fcfort <b> unterschiedlich<\/b> festgelegt sein k\u00f6nnen. Am besten genau so fahren, wie es in der Fahrstunde trainiert worden ist! Normalerweise l\u00e4uft es so:<\/p>\n<p>In <b>Sackgassen<\/b> f\u00e4hrt man eigentlich nicht hinein. Da es aber auch nicht ausdr\u00fccklich verboten ist, kann man deswegen nicht durchfallen. Vielleicht will der Pr\u00fcfer auch ausgerechnet in die Sackgasse hinein, um mit Ihnen dort zu wenden. Kein Problem, im Zweifel kurz fragen, er merkt dann ja, dass man aufgepasst hat!<br \/>\n<img loading=\"lazy\" decoding=\"async\" class=\"alignnone wp-image-365 size-full\" src=\"https:\/\/vip-fahrschule.com\/wp\/wordpress\/wp-content\/uploads\/2015\/12\/Sackgasse.png\" alt=\"Sackgasse\" width=\"150\" height=\"150\" \/><\/p>\n<p>Wer sich auf einer <b>abknickenden Vorfahrtstra\u00dfe<\/b> befindet, soll ihrem Verlauf weiter selbstst\u00e4ndig folgen (Blinken nicht vergessen!). Es kann auch hier kein Grund zum Durchfallen sein, wenn man aus Versehen die Vorfahrtstra\u00dfe verl\u00e4sst.<br \/>\n<img loading=\"lazy\" decoding=\"async\" class=\"alignnone wp-image-366 size-full\" src=\"https:\/\/vip-fahrschule.com\/wp\/wordpress\/wp-content\/uploads\/2015\/12\/Vorfahrtsstrasse.png\" alt=\"Vorfahrtsstrasse\" width=\"150\" height=\"150\" \/><\/p>\n<p>Auf der <b>Autobahn<\/b> solange weiterfahren,<br \/>\nbis der Pr\u00fcfer die Ausfahrt ank\u00fcndigt. Man will dem Kandidat damit die Gelegenheit geben, auf Tempo zu kommen (denn Fahren mit Richtgeschwindigkeit und \u00dcberholvorg\u00e4nge sind nach M\u00f6glichkeit in der Pr\u00fcfung zu zeigen).<br \/>\n<img loading=\"lazy\" decoding=\"async\" class=\"alignnone wp-image-367 size-full\" src=\"https:\/\/vip-fahrschule.com\/wp\/wordpress\/wp-content\/uploads\/2015\/12\/Autobahn.png\" alt=\"Autobahn\" width=\"150\" height=\"150\" \/><\/p>\n<p style=\"text-align: left;\" align=\"center\">Wer also versehentlich in eine unerw\u00fcnschte Fahrtrichtung f\u00e4hrt, aber dabei nicht gegen die Stra\u00dfenverkehrsordnung verst\u00f6\u00dft, der hat \u00bbvon au\u00dfen betrachtet\u00ab keinen Fehler gemacht und wird allein deshalb auch nicht durchfallen. Nobody is perfect, aber es sollte nicht geh\u00e4uft vorkommen.<br \/>\n<strong><br \/>\nDer Fahrstil\u00a0und die Geschwindigkeit<\/strong><br \/>\nEs ist fast unm\u00f6glich, den richtigen Fahrstil mit wenigen Worten zu beschreiben. Fahren Sie so, wie es Ihr Fahrlehrer empfiehlt. Er gibt Ihnen individuelle Tipps zu Ihrem pers\u00f6nlichen Fahrstil.<\/p>\n<p class=\"stext\">Beispiel: Einen Sch\u00fcler, der st\u00e4ndig zum Rasen neigt, muss man zum &#8222;ruhigeren&#8220; Fahren auffordern. Einen anderen Sch\u00fcler, der eher &#8222;herumschleicht&#8220; und st\u00e4ndig anh\u00e4lt, obwohl er Vorfahrt hat, ermuntert man zu einer &#8222;temperamentvolleren&#8220; Fahrweise. Das ist kein Widerspruch!<\/p>\n<p>Die zul\u00e4ssige H\u00f6chstgeschwindigkeit darf nicht \u00fcberschritten werden (bei kurzen, unwesentlichen \u00dcberschreitungen wird ein Auge zugedr\u00fcckt). Es ist g\u00fcnstig, im Verkehr &#8222;mitzuschwimmen&#8220;, nat\u00fcrlich nur solange das zur Verkehrssituation passt. Wenn also 50 km\/h gefahrlos m\u00f6glich und erlaubt sind, zockelt man nicht mit 38 Komma f\u00fcnf vorneweg. An \u00fcbersichtlichen Stellen, wo man eindeutig Vorfahrt hat, z\u00f6gert man nicht unn\u00f6tig herum.<\/p>\n<p>Zitat aus der Pr\u00fcfungsrichtlinie: \u00bb<b>Eine \u00fcbertrieben langsame Fahrweise ist unzul\u00e4ssig<\/b>\u00ab. Also keine Schauspielerei anfangen, nur weil der Pr\u00fcfer mitf\u00e4hrt!<\/p>\n<p>Jetzt kommt wiederum die Bremse: Viele M\u00e4tzchen, die sich Autofahrer mit der Zeit angew\u00f6hnen, entsprechen nicht der StVO und d\u00fcrfen nicht kopiert werden. Einige Beispiele, an denen man sich besser <b>nicht<\/b> orientiert:<\/p>\n<ul>\n<li>60 statt 50 innerhalb der Ortschaft<\/li>\n<li>Bei Sp\u00e4tgelb noch \u00fcber die Ampel<\/li>\n<li>An rechts-vor-links-Einm\u00fcndungen achtlos vorbeirauschen<\/li>\n<li>Trotz Kindern <a id=\"itxthook0\" class=\"itxtnewhook itxthook\" href=\"http:\/\/www.fahrtipps.de\/fahrschule\/fahrpruefung-regeln.php#\" rel=\"nofollow\"><span id=\"itxthook0p\" class=\"itxtrst itxtrstspan itxtnowrap\"><span id=\"itxthook0w\" class=\"itxtrst itxtrstspan itxtnowrap itxtnewhookspan\"><\/span><\/span><\/a>am Fahrbahnrand mit Gasfu\u00df weiterfahren<\/li>\n<li>30-Zonen ignorieren<\/li>\n<li>Mit voller Fahrt an haltenden Bussen oder Stra\u00dfenbahnen vorbei<\/li>\n<li>Radfahrer mit viel zu wenig Abstand \u00fcberholen<\/li>\n<li>\u00dcber&#8217;s STOP-Schild fahren ohne zu halten<\/li>\n<li>Abbiegen ohne zu blinken<\/li>\n<li>Zu dichtes auffahren<\/li>\n<li>Kurvenschneiden<\/li>\n<li>usw. usw. (endlos!)<strong>Fazit:<\/strong> Neben allen anderen positiven Attributen (defensiv, r\u00fccksichtsvoll, aufmerksam, vorausschauend etc.) l\u00e4sst sich der Fahrstil vielleicht so auf den Punkt bringen:<\/li>\n<\/ul>\n<p><strong>Z\u00dcGIG<\/strong> fahren wo es m\u00f6glich ist,<br \/>\n<strong>ZUR\u00dcCKHALTEND<\/strong> fahren wo es n\u00f6tig ist.<\/p>\n<p>Und so, wie Sie es zur Pr\u00fcfungsvorbereitung in den letzten Fahrstunden trainiert haben, pr\u00e4sentieren Sie das auch dem Pr\u00fcfer. Nicht mehr, nicht weniger. Dann bleibt wirklich kein Grund \u00fcbrig, weshalb die Pr\u00fcfung schiefgehen sollte.<\/p>\n<p><b>Toi, toi, toi.<\/b><\/p>\n","protected":false},"excerpt":{"rendered":"<p>Au\u00dfer in der StVO stehen auch in der Pr\u00fcfungsrichtlinie eine Menge Verhaltensregeln, welche die Fahrpr\u00fcfung betreffen. Im zweiten Teil des Artikels besch\u00e4ftigen wir uns mit den besonderen Regeln und Gepflogenheiten, die jeder Fahrsch\u00fcler f\u00fcr die Fahrpr\u00fcfung kennen sollte. Die Spielregeln f\u00fcr eine erfolgreiche Fahrpr\u00fcfung Nach irgendeinem Schema muss die Pr\u00fcfung ja ablaufen. Dieses Schema hei\u00dft [&hellip;]<\/p>\n","protected":false},"author":1,"featured_media":0,"parent":0,"menu_order":0,"comment_status":"closed","ping_status":"closed","template":"","meta":{"footnotes":""},"class_list":["post-181","page","type-page","status-publish","hentry"],"_links":{"self":[{"href":"https:\/\/vip-fahrschule.com\/wp\/wordpress\/wp-json\/wp\/v2\/pages\/181","targetHints":{"allow":["GET"]}}],"collection":[{"href":"https:\/\/vip-fahrschule.com\/wp\/wordpress\/wp-json\/wp\/v2\/pages"}],"about":[{"href":"https:\/\/vip-fahrschule.com\/wp\/wordpress\/wp-json\/wp\/v2\/types\/page"}],"author":[{"embeddable":true,"href":"https:\/\/vip-fahrschule.com\/wp\/wordpress\/wp-json\/wp\/v2\/users\/1"}],"replies":[{"embeddable":true,"href":"https:\/\/vip-fahrschule.com\/wp\/wordpress\/wp-json\/wp\/v2\/comments?post=181"}],"version-history":[{"count":36,"href":"https:\/\/vip-fahrschule.com\/wp\/wordpress\/wp-json\/wp\/v2\/pages\/181\/revisions"}],"predecessor-version":[{"id":891,"href":"https:\/\/vip-fahrschule.com\/wp\/wordpress\/wp-json\/wp\/v2\/pages\/181\/revisions\/891"}],"wp:attachment":[{"href":"https:\/\/vip-fahrschule.com\/wp\/wordpress\/wp-json\/wp\/v2\/media?parent=181"}],"curies":[{"name":"wp","href":"https:\/\/api.w.org\/{rel}","templated":true}]}}